{"id":2945,"date":"2024-05-02T21:06:10","date_gmt":"2024-05-02T21:06:10","guid":{"rendered":"https:\/\/doublebspeakers.com\/contactez-nous\/"},"modified":"2024-07-08T19:28:26","modified_gmt":"2024-07-08T19:28:26","slug":"contactez-nous","status":"publish","type":"page","link":"https:\/\/doublebspeakers.com\/fr\/contactez-nous\/","title":{"rendered":"Contactez-nous"},"content":{"rendered":"\t\t<div data-elementor-type=\"wp-page\" data-elementor-id=\"2945\" class=\"elementor elementor-2945 elementor-1509\">\n\t\t\t\t<div class=\"elementor-element elementor-element-8cf889e e-flex e-con-boxed e-con e-parent\" data-id=\"8cf889e\" data-element_type=\"container\">\n\t\t\t\t\t<div class=\"e-con-inner\">\n\t\t\t\t<div class=\"elementor-element elementor-element-d72fca9 elementor-widget elementor-widget-heading\" data-id=\"d72fca9\" data-element_type=\"widget\" data-widget_type=\"heading.default\">\n\t\t\t\t<div class=\"elementor-widget-container\">\n\t\t\t\t\t<h2 class=\"elementor-heading-title elementor-size-default\">Pr\u00eat \u00e0 rendre votre \u00e9v\u00e9nement inoubliable? <br>Soumettez votre devis ici!<\/h2>\t\t\t\t<\/div>\n\t\t\t\t<\/div>\n\t\t\t\t\t<\/div>\n\t\t\t\t<\/div>\n\t\t<div class=\"elementor-element elementor-element-9361161 e-flex e-con-boxed e-con e-parent\" data-id=\"9361161\" data-element_type=\"container\">\n\t\t\t\t\t<div class=\"e-con-inner\">\n\t\t<div class=\"elementor-element elementor-element-d361a3f e-con-full e-flex e-con e-child\" data-id=\"d361a3f\" data-element_type=\"container\">\n\t\t\t\t<div class=\"elementor-element elementor-element-6475504 elementor-widget__width-initial eael-wpforms-labels-yes eael-wpforms-form-button-custom elementor-invisible elementor-widget elementor-widget-eael-wpforms\" data-id=\"6475504\" data-element_type=\"widget\" data-settings=\"{&quot;_animation&quot;:&quot;fadeInLeft&quot;}\" data-widget_type=\"eael-wpforms.default\">\n\t\t\t\t<div class=\"elementor-widget-container\">\n\t\t\t\t\t            <div class=\"eael-contact-form eael-wpforms title-description-hide eael-custom-radio-checkbox eael-wpforms-align-default\">\n                                    <div class=\"eael-wpforms-heading\">\n                                                    <h3 class=\"eael-contact-form-title eael-wpforms-title\">\n                                Demande de soumission                             <\/h3>\n                                                                    <\/div>\n                                <div class=\"wpforms-container wpforms-render-modern\" id=\"wpforms-116\"><form id=\"wpforms-form-116\" class=\"wpforms-validate wpforms-form\" data-formid=\"116\" method=\"post\" enctype=\"multipart\/form-data\" action=\"\/fr\/wp-json\/wp\/v2\/pages\/2945\" data-token=\"618dc1d0e420a9918635126196c007d6\" data-token-time=\"1776873310\"><noscript class=\"wpforms-error-noscript\">Veuillez activer JavaScript dans votre navigateur pour remplir ce formulaire.<\/noscript><div class=\"wpforms-hidden\" id=\"wpforms-error-noscript\">Veuillez activer JavaScript dans votre navigateur pour remplir ce formulaire.<\/div><div class=\"wpforms-field-container\"><div id=\"wpforms-116-field_0-container\" class=\"wpforms-field wpforms-field-name\" data-field-id=\"0\"><fieldset><legend class=\"wpforms-field-label\">Nom <span class=\"wpforms-required-label\" aria-hidden=\"true\">*<\/span><\/legend><div class=\"wpforms-field-row wpforms-field-large\"><div class=\"wpforms-field-row-block wpforms-first wpforms-one-half\"><input type=\"text\" id=\"wpforms-116-field_0\" class=\"wpforms-field-name-first wpforms-field-required\" name=\"wpforms[fields][0][first]\" aria-errormessage=\"wpforms-116-field_0-error\" required><label for=\"wpforms-116-field_0\" class=\"wpforms-field-sublabel after\">Pr\u00e9nom<\/label><\/div><div class=\"wpforms-field-row-block wpforms-one-half\"><input type=\"text\" id=\"wpforms-116-field_0-last\" class=\"wpforms-field-name-last wpforms-field-required\" name=\"wpforms[fields][0][last]\" aria-errormessage=\"wpforms-116-field_0-last-error\" required><label for=\"wpforms-116-field_0-last\" class=\"wpforms-field-sublabel after\">Nom<\/label><\/div><\/div><\/fieldset><\/div><div id=\"wpforms-116-field_1-container\" class=\"wpforms-field wpforms-field-email\" data-field-id=\"1\"><label class=\"wpforms-field-label\" for=\"wpforms-116-field_1\">Email <span class=\"wpforms-required-label\" aria-hidden=\"true\">*<\/span><\/label><input type=\"email\" id=\"wpforms-116-field_1\" class=\"wpforms-field-large wpforms-field-required\" name=\"wpforms[fields][1]\" spellcheck=\"false\" aria-errormessage=\"wpforms-116-field_1-error\" required><\/div><div id=\"wpforms-116-field_2-container\" class=\"wpforms-field wpforms-field-textarea\" data-field-id=\"2\"><label class=\"wpforms-field-label\" for=\"wpforms-116-field_2\">D\u00e9crivez Votre \u00c9v\u00e9nement <span class=\"wpforms-required-label\" aria-hidden=\"true\">*<\/span><\/label><textarea id=\"wpforms-116-field_2\" class=\"wpforms-field-medium wpforms-field-required\" name=\"wpforms[fields][2]\" aria-errormessage=\"wpforms-116-field_2-error\" aria-describedby=\"wpforms-116-field_2-description\" required><\/textarea><div id=\"wpforms-116-field_2-description\" class=\"wpforms-field-description\">Veuillez inclure le plus de d\u00e9tails possibles concernant votre \u00e9v\u00e9nement tels que le nombre de personnes pr\u00e9sentes, l'heure de d\u00e9but et l'heure de fin de l'\u00e9v\u00e9nement et si vous voudriez ajouter n'importe quel autre type d'\u00e9quipement en dehors du forfait choisi. Si vous avez s\u00e9lectionn\u00e9 un forfait personnalis\u00e9, sp\u00e9cifiez quel \u00e9quipement vous voudriez and nous nous adapterons selon la disponibilit\u00e9 de nos \u00e9quipements. <\/div><\/div><div id=\"wpforms-116-field_4-container\" class=\"wpforms-field wpforms-field-radio\" data-field-id=\"4\"><fieldset><legend class=\"wpforms-field-label\">Choix de forfait  <span class=\"wpforms-required-label\" aria-hidden=\"true\">*<\/span><\/legend><ul id=\"wpforms-116-field_4\" class=\"wpforms-field-required\"><li class=\"choice-1 depth-1\"><input type=\"radio\" id=\"wpforms-116-field_4_1\" name=\"wpforms[fields][4]\" value=\"Forfait de mariage\" aria-errormessage=\"wpforms-116-field_4_1-error\" required ><label class=\"wpforms-field-label-inline\" for=\"wpforms-116-field_4_1\">Forfait de mariage<\/label><\/li><li class=\"choice-2 depth-1\"><input type=\"radio\" id=\"wpforms-116-field_4_2\" name=\"wpforms[fields][4]\" value=\"Forfait d&#039;\u00e9v\u00e9nement ext\u00e9rieur\" aria-errormessage=\"wpforms-116-field_4_2-error\" required ><label class=\"wpforms-field-label-inline\" for=\"wpforms-116-field_4_2\">Forfait d'\u00e9v\u00e9nement ext\u00e9rieur<\/label><\/li><li class=\"choice-3 depth-1\"><input type=\"radio\" id=\"wpforms-116-field_4_3\" name=\"wpforms[fields][4]\" value=\"Forfait de conf\u00e9rence corporative\" aria-errormessage=\"wpforms-116-field_4_3-error\" required ><label class=\"wpforms-field-label-inline\" for=\"wpforms-116-field_4_3\">Forfait de conf\u00e9rence corporative<\/label><\/li><li class=\"choice-4 depth-1\"><input type=\"radio\" id=\"wpforms-116-field_4_4\" name=\"wpforms[fields][4]\" value=\"Forfait de salle \u00e0 manger priv\u00e9e\" aria-errormessage=\"wpforms-116-field_4_4-error\" required ><label class=\"wpforms-field-label-inline\" for=\"wpforms-116-field_4_4\">Forfait de salle \u00e0 manger priv\u00e9e<\/label><\/li><li class=\"choice-5 depth-1\"><input type=\"radio\" id=\"wpforms-116-field_4_5\" name=\"wpforms[fields][4]\" value=\"Forfait de f\u00eate priv\u00e9e\" aria-errormessage=\"wpforms-116-field_4_5-error\" required ><label class=\"wpforms-field-label-inline\" for=\"wpforms-116-field_4_5\">Forfait de f\u00eate priv\u00e9e<\/label><\/li><li class=\"choice-6 depth-1\"><input type=\"radio\" id=\"wpforms-116-field_4_6\" name=\"wpforms[fields][4]\" value=\"Forfait de baby shower\" aria-errormessage=\"wpforms-116-field_4_6-error\" required ><label class=\"wpforms-field-label-inline\" for=\"wpforms-116-field_4_6\">Forfait de baby shower<\/label><\/li><li class=\"choice-7 depth-1\"><input type=\"radio\" id=\"wpforms-116-field_4_7\" name=\"wpforms[fields][4]\" value=\"Forfait personnalis\u00e9\" aria-errormessage=\"wpforms-116-field_4_7-error\" required ><label class=\"wpforms-field-label-inline\" for=\"wpforms-116-field_4_7\">Forfait personnalis\u00e9<\/label><\/li><\/ul><\/fieldset><\/div><div id=\"wpforms-116-field_6-container\" class=\"wpforms-field wpforms-field-radio\" data-field-id=\"6\"><fieldset><legend class=\"wpforms-field-label\">Choix de DJ (s\u00e9lectionnez &quot;aucun&quot; si non applicable) <span class=\"wpforms-required-label\" aria-hidden=\"true\">*<\/span><\/legend><ul id=\"wpforms-116-field_6\" class=\"wpforms-field-required\"><li class=\"choice-1 depth-1\"><input type=\"radio\" id=\"wpforms-116-field_6_1\" name=\"wpforms[fields][6]\" value=\"DJ Camm\" aria-errormessage=\"wpforms-116-field_6_1-error\" aria-describedby=\"wpforms-116-field_6-description\" required ><label class=\"wpforms-field-label-inline\" for=\"wpforms-116-field_6_1\">DJ Camm<\/label><\/li><li class=\"choice-2 depth-1\"><input type=\"radio\" id=\"wpforms-116-field_6_2\" name=\"wpforms[fields][6]\" value=\"KENZ\" aria-errormessage=\"wpforms-116-field_6_2-error\" aria-describedby=\"wpforms-116-field_6-description\" required ><label class=\"wpforms-field-label-inline\" for=\"wpforms-116-field_6_2\">KENZ<\/label><\/li><li class=\"choice-3 depth-1\"><input type=\"radio\" id=\"wpforms-116-field_6_3\" name=\"wpforms[fields][6]\" value=\"Oliver Delplace\" aria-errormessage=\"wpforms-116-field_6_3-error\" aria-describedby=\"wpforms-116-field_6-description\" required ><label class=\"wpforms-field-label-inline\" for=\"wpforms-116-field_6_3\">Oliver Delplace<\/label><\/li><li class=\"choice-7 depth-1\"><input type=\"radio\" id=\"wpforms-116-field_6_7\" name=\"wpforms[fields][6]\" value=\"Aucun\" aria-errormessage=\"wpforms-116-field_6_7-error\" aria-describedby=\"wpforms-116-field_6-description\" required ><label class=\"wpforms-field-label-inline\" for=\"wpforms-116-field_6_7\">Aucun<\/label><\/li><\/ul><div id=\"wpforms-116-field_6-description\" class=\"wpforms-field-description\">Veuillez s\u00e9lectionner un DJ d\u00e9sir\u00e9. Si ce DJ en particulier n'est pas disponible pour votre \u00e9v\u00e9nment, nous allons le remplacer par un autre membre talentueux de notre \u00e9quipe! Nous ne garantissons pas que le DJ s\u00e9lectionn\u00e9 sera celui qui performera lors de votre \u00e9v\u00e9nement. Nous vous garderons au courant en cons\u00e9quence. \n\nNotez que certains forfaits n'incluent pas l'option de DJ. Si vous d\u00e9cidez d'opter pour un DJ pour un de ces forfaits, un montant additionnel sera charg\u00e9 en fonction du DJ choisi. Le co\u00fbt final de location d\u00e9pendra \u00e9galement du type de DJ choisi, et ce, pour n'importe quel forfait. <\/div><\/fieldset><\/div><\/div><!-- .wpforms-field-container --><div class=\"wpforms-submit-container\" ><input type=\"hidden\" name=\"wpforms[id]\" value=\"116\"><input type=\"hidden\" name=\"page_title\" value=\"\"><input type=\"hidden\" name=\"page_url\" value=\"https:\/\/doublebspeakers.com\/fr\/wp-json\/wp\/v2\/pages\/2945\"><input type=\"hidden\" name=\"url_referer\" value=\"\"><button type=\"submit\" name=\"wpforms[submit]\" id=\"wpforms-submit-116\" class=\"wpforms-submit\" data-alt-text=\"Envoi en cours...\" data-submit-text=\"Soumettre\" aria-live=\"assertive\" value=\"wpforms-submit\">Soumettre<\/button><\/div><\/form><\/div>  <!-- .wpforms-container -->            <\/div>\n\t\t\t\t<\/div>\n\t\t\t\t<\/div>\n\t\t\t\t<\/div>\n\t\t<div class=\"elementor-element elementor-element-9c73b5b e-con-full e-flex elementor-invisible e-con e-child\" data-id=\"9c73b5b\" data-element_type=\"container\" data-settings=\"{&quot;background_background&quot;:&quot;classic&quot;,&quot;animation&quot;:&quot;fadeInRight&quot;}\">\n\t\t\t\t<div class=\"elementor-element elementor-element-7b30df0 elementor-widget elementor-widget-image\" data-id=\"7b30df0\" data-element_type=\"widget\" data-widget_type=\"image.default\">\n\t\t\t\t<div class=\"elementor-widget-container\">\n\t\t\t\t\t\t\t\t\t\t\t\t\t\t\t<img fetchpriority=\"high\" decoding=\"async\" width=\"274\" height=\"238\" src=\"https:\/\/doublebspeakers.com\/wp-content\/uploads\/2024\/05\/illustration.png\" class=\"attachment-full size-full wp-image-2684\" alt=\"\" \/>\t\t\t\t\t\t\t\t\t\t\t\t\t\t\t<\/div>\n\t\t\t\t<\/div>\n\t\t\t\t<div class=\"elementor-element elementor-element-31c9da4 eael-infobox-shape-square eael-infobox-hover-img-shape-square elementor-widget elementor-widget-eael-info-box\" data-id=\"31c9da4\" data-element_type=\"widget\" data-widget_type=\"eael-info-box.default\">\n\t\t\t\t<div class=\"elementor-widget-container\">\n\t\t\t\t\t        <div class=\"eael-infobox icon-on-left\">\n\t            <div class=\"infobox-icon\">\n\n                            <img decoding=\"async\" src=\"https:\/\/doublebspeakers.com\/wp-content\/uploads\/2024\/05\/location.png\" alt=\"\">\n            \n            \n            \n        <\/div>\n            <div class=\"infobox-content\">\n                    <div class=\"infobox-title-section\">\n                <h2 class=\"title\">Adresse<\/h2>            <\/div>\n            <div><p>R\u00e9gion du grand montr\u00e9al<\/p>\n<\/div>        <\/div>\n            <\/div>\n\n\t\t\t\t\t\t<\/div>\n\t\t\t\t<\/div>\n\t\t\t\t<div class=\"elementor-element elementor-element-1fbfb56 eael-infobox-shape-square eael-infobox-hover-img-shape-square elementor-widget elementor-widget-eael-info-box\" data-id=\"1fbfb56\" data-element_type=\"widget\" data-widget_type=\"eael-info-box.default\">\n\t\t\t\t<div class=\"elementor-widget-container\">\n\t\t\t\t\t        <div class=\"eael-infobox icon-on-left\">\n\t            <div class=\"infobox-icon\">\n\n                            <img decoding=\"async\" src=\"https:\/\/doublebspeakers.com\/wp-content\/uploads\/2024\/05\/email.png\" alt=\"\">\n            \n            \n            \n        <\/div>\n            <div class=\"infobox-content\">\n                    <div class=\"infobox-title-section\">\n                <h2 class=\"title\">E-Mail<\/h2>            <\/div>\n            <div><p>boonben2003@gmail.com<\/p>\n<\/div>        <\/div>\n            <\/div>\n\n\t\t\t\t\t\t<\/div>\n\t\t\t\t<\/div>\n\t\t\t\t<div class=\"elementor-element elementor-element-6979f62 eael-infobox-shape-square eael-infobox-hover-img-shape-square elementor-widget elementor-widget-eael-info-box\" data-id=\"6979f62\" data-element_type=\"widget\" data-widget_type=\"eael-info-box.default\">\n\t\t\t\t<div class=\"elementor-widget-container\">\n\t\t\t\t\t        <div class=\"eael-infobox icon-on-left\">\n\t            <div class=\"infobox-icon\">\n\n                            <img decoding=\"async\" src=\"https:\/\/doublebspeakers.com\/wp-content\/uploads\/2024\/05\/call.png\" alt=\"\">\n            \n            \n            \n        <\/div>\n            <div class=\"infobox-content\">\n                    <div class=\"infobox-title-section\">\n                <h2 class=\"title\">T\u00e9l\u00e9phone<\/h2>            <\/div>\n            <div><p>514-632-5976<\/p>\n<\/div>        <\/div>\n            <\/div>\n\n\t\t\t\t\t\t<\/div>\n\t\t\t\t<\/div>\n\t\t\t\t<div class=\"elementor-element elementor-element-6acfb95 elementor-widget elementor-widget-image\" data-id=\"6acfb95\" data-element_type=\"widget\" data-widget_type=\"image.default\">\n\t\t\t\t<div class=\"elementor-widget-container\">\n\t\t\t\t\t\t\t\t\t\t\t\t\t\t\t<img decoding=\"async\" width=\"800\" height=\"800\" src=\"https:\/\/doublebspeakers.com\/wp-content\/uploads\/2024\/05\/Main-Logo-1024x1024.png\" class=\"attachment-large size-large wp-image-2693\" alt=\"\" srcset=\"https:\/\/doublebspeakers.com\/wp-content\/uploads\/2024\/05\/Main-Logo-1024x1024.png 1024w, https:\/\/doublebspeakers.com\/wp-content\/uploads\/2024\/05\/Main-Logo-300x300.png 300w, https:\/\/doublebspeakers.com\/wp-content\/uploads\/2024\/05\/Main-Logo-100x100.png 100w, https:\/\/doublebspeakers.com\/wp-content\/uploads\/2024\/05\/Main-Logo-600x600.png 600w, https:\/\/doublebspeakers.com\/wp-content\/uploads\/2024\/05\/Main-Logo-150x150.png 150w, https:\/\/doublebspeakers.com\/wp-content\/uploads\/2024\/05\/Main-Logo-768x768.png 768w, https:\/\/doublebspeakers.com\/wp-content\/uploads\/2024\/05\/Main-Logo.png 1080w\" sizes=\"(max-width: 800px) 100vw, 800px\" \/>\t\t\t\t\t\t\t\t\t\t\t\t\t\t\t<\/div>\n\t\t\t\t<\/div>\n\t\t\t\t<\/div>\n\t\t\t\t\t<\/div>\n\t\t\t\t<\/div>\n\t\t\t\t<section class=\"elementor-section elementor-top-section elementor-element elementor-element-7b9d0cf elementor-section-full_width elementor-section-height-default elementor-section-height-default\" data-id=\"7b9d0cf\" data-element_type=\"section\">\n\t\t\t\t\t\t<div class=\"elementor-container elementor-column-gap-no\">\n\t\t\t\t\t<div class=\"elementor-column elementor-col-100 elementor-top-column elementor-element elementor-element-5c20505\" data-id=\"5c20505\" data-element_type=\"column\">\n\t\t\t<div class=\"elementor-widget-wrap elementor-element-populated\">\n\t\t\t\t\t\t<div class=\"elementor-element elementor-element-c0303e6 elementor-invisible elementor-widget elementor-widget-google_maps\" data-id=\"c0303e6\" data-element_type=\"widget\" data-settings=\"{&quot;_animation&quot;:&quot;zoomIn&quot;}\" data-widget_type=\"google_maps.default\">\n\t\t\t\t<div class=\"elementor-widget-container\">\n\t\t\t\t\t\t\t<div class=\"elementor-custom-embed\">\n\t\t\t<iframe loading=\"lazy\"\n\t\t\t\t\tsrc=\"https:\/\/maps.google.com\/maps?q=Greater%20montreal%20area&#038;t=m&#038;z=10&#038;output=embed&#038;iwloc=near\"\n\t\t\t\t\ttitle=\"Greater montreal area\"\n\t\t\t\t\taria-label=\"Greater montreal area\"\n\t\t\t><\/iframe>\n\t\t<\/div>\n\t\t\t\t\t\t<\/div>\n\t\t\t\t<\/div>\n\t\t\t\t\t<\/div>\n\t\t<\/div>\n\t\t\t\t\t<\/div>\n\t\t<\/section>\n\t\t\t\t<\/div>\n\t\t","protected":false},"excerpt":{"rendered":"<p>Pr\u00eat \u00e0 rendre votre \u00e9v\u00e9nement inoubliable? Soumettez votre devis ici! Demande de soumission Please enable JavaScript in your browser to complete this form.Please enable JavaScript in your browser to complete this form. Name * FirstLast Email *Describe Your Event *Please include details such as the amount of people attending the event, the start and end [&hellip;]<\/p>\n","protected":false},"author":1,"featured_media":0,"parent":0,"menu_order":0,"comment_status":"closed","ping_status":"closed","template":"elementor_header_footer","meta":{"_eb_attr":"","footnotes":""},"yoast_head":"<!-- This site is optimized with the Yoast SEO plugin v23.3 - https:\/\/yoast.com\/wordpress\/plugins\/seo\/ -->\n<title>Contactez-nous - Double B Speakers<\/title>\n<meta name=\"robots\" content=\"index, follow, max-snippet:-1, max-image-preview:large, max-video-preview:-1\" \/>\n<link rel=\"canonical\" href=\"https:\/\/doublebspeakers.com\/fr\/contactez-nous\/\" \/>\n<meta property=\"og:locale\" content=\"fr_FR\" \/>\n<meta property=\"og:type\" content=\"article\" \/>\n<meta property=\"og:title\" content=\"Contactez-nous - Double B Speakers\" \/>\n<meta property=\"og:description\" content=\"Pr\u00eat \u00e0 rendre votre \u00e9v\u00e9nement inoubliable? Soumettez votre devis ici! Demande de soumission Please enable JavaScript in your browser to complete this form.Please enable JavaScript in your browser to complete this form. Name * FirstLast Email *Describe Your Event *Please include details such as the amount of people attending the event, the start and end [&hellip;]\" \/>\n<meta property=\"og:url\" content=\"https:\/\/doublebspeakers.com\/fr\/contactez-nous\/\" \/>\n<meta property=\"og:site_name\" content=\"Double B Speakers\" \/>\n<meta property=\"article:modified_time\" content=\"2024-07-08T19:28:26+00:00\" \/>\n<meta property=\"og:image\" content=\"https:\/\/doublebspeakers.com\/wp-content\/uploads\/2024\/05\/illustration.png\" \/>\n<meta name=\"twitter:card\" content=\"summary_large_image\" \/>\n<meta name=\"twitter:label1\" content=\"Dur\u00e9e de lecture estim\u00e9e\" \/>\n\t<meta name=\"twitter:data1\" content=\"3 minutes\" \/>\n<script type=\"application\/ld+json\" class=\"yoast-schema-graph\">{\"@context\":\"https:\/\/schema.org\",\"@graph\":[{\"@type\":\"WebPage\",\"@id\":\"https:\/\/doublebspeakers.com\/fr\/contactez-nous\/\",\"url\":\"https:\/\/doublebspeakers.com\/fr\/contactez-nous\/\",\"name\":\"Contactez-nous - Double B Speakers\",\"isPartOf\":{\"@id\":\"https:\/\/doublebspeakers.com\/fr\/#website\"},\"primaryImageOfPage\":{\"@id\":\"https:\/\/doublebspeakers.com\/fr\/contactez-nous\/#primaryimage\"},\"image\":{\"@id\":\"https:\/\/doublebspeakers.com\/fr\/contactez-nous\/#primaryimage\"},\"thumbnailUrl\":\"https:\/\/doublebspeakers.com\/wp-content\/uploads\/2024\/05\/illustration.png\",\"datePublished\":\"2024-05-02T21:06:10+00:00\",\"dateModified\":\"2024-07-08T19:28:26+00:00\",\"breadcrumb\":{\"@id\":\"https:\/\/doublebspeakers.com\/fr\/contactez-nous\/#breadcrumb\"},\"inLanguage\":\"fr-FR\",\"potentialAction\":[{\"@type\":\"ReadAction\",\"target\":[\"https:\/\/doublebspeakers.com\/fr\/contactez-nous\/\"]}]},{\"@type\":\"ImageObject\",\"inLanguage\":\"fr-FR\",\"@id\":\"https:\/\/doublebspeakers.com\/fr\/contactez-nous\/#primaryimage\",\"url\":\"https:\/\/doublebspeakers.com\/wp-content\/uploads\/2024\/05\/illustration.png\",\"contentUrl\":\"https:\/\/doublebspeakers.com\/wp-content\/uploads\/2024\/05\/illustration.png\"},{\"@type\":\"BreadcrumbList\",\"@id\":\"https:\/\/doublebspeakers.com\/fr\/contactez-nous\/#breadcrumb\",\"itemListElement\":[{\"@type\":\"ListItem\",\"position\":1,\"name\":\"Home\",\"item\":\"https:\/\/doublebspeakers.com\/fr\/accueil\/\"},{\"@type\":\"ListItem\",\"position\":2,\"name\":\"Contactez-nous\"}]},{\"@type\":\"WebSite\",\"@id\":\"https:\/\/doublebspeakers.com\/fr\/#website\",\"url\":\"https:\/\/doublebspeakers.com\/fr\/\",\"name\":\"Double B Speakers\",\"description\":\"Audiovisual Rental\",\"publisher\":{\"@id\":\"https:\/\/doublebspeakers.com\/fr\/#organization\"},\"potentialAction\":[{\"@type\":\"SearchAction\",\"target\":{\"@type\":\"EntryPoint\",\"urlTemplate\":\"https:\/\/doublebspeakers.com\/fr\/?s={search_term_string}\"},\"query-input\":\"required name=search_term_string\"}],\"inLanguage\":\"fr-FR\"},{\"@type\":\"Organization\",\"@id\":\"https:\/\/doublebspeakers.com\/fr\/#organization\",\"name\":\"Double B Speakers\",\"url\":\"https:\/\/doublebspeakers.com\/fr\/\",\"logo\":{\"@type\":\"ImageObject\",\"inLanguage\":\"fr-FR\",\"@id\":\"https:\/\/doublebspeakers.com\/fr\/#\/schema\/logo\/image\/\",\"url\":\"https:\/\/doublebspeakers.com\/wp-content\/uploads\/2024\/04\/cropped-cropped-Main-Logo.png\",\"contentUrl\":\"https:\/\/doublebspeakers.com\/wp-content\/uploads\/2024\/04\/cropped-cropped-Main-Logo.png\",\"width\":1080,\"height\":1080,\"caption\":\"Double B Speakers\"},\"image\":{\"@id\":\"https:\/\/doublebspeakers.com\/fr\/#\/schema\/logo\/image\/\"}}]}<\/script>\n<!-- \/ Yoast SEO plugin. -->","yoast_head_json":{"title":"Contactez-nous - Double B Speakers","robots":{"index":"index","follow":"follow","max-snippet":"max-snippet:-1","max-image-preview":"max-image-preview:large","max-video-preview":"max-video-preview:-1"},"canonical":"https:\/\/doublebspeakers.com\/fr\/contactez-nous\/","og_locale":"fr_FR","og_type":"article","og_title":"Contactez-nous - Double B Speakers","og_description":"Pr\u00eat \u00e0 rendre votre \u00e9v\u00e9nement inoubliable? Soumettez votre devis ici! Demande de soumission Please enable JavaScript in your browser to complete this form.Please enable JavaScript in your browser to complete this form. Name * FirstLast Email *Describe Your Event *Please include details such as the amount of people attending the event, the start and end [&hellip;]","og_url":"https:\/\/doublebspeakers.com\/fr\/contactez-nous\/","og_site_name":"Double B Speakers","article_modified_time":"2024-07-08T19:28:26+00:00","og_image":[{"url":"https:\/\/doublebspeakers.com\/wp-content\/uploads\/2024\/05\/illustration.png"}],"twitter_card":"summary_large_image","twitter_misc":{"Dur\u00e9e de lecture estim\u00e9e":"3 minutes"},"schema":{"@context":"https:\/\/schema.org","@graph":[{"@type":"WebPage","@id":"https:\/\/doublebspeakers.com\/fr\/contactez-nous\/","url":"https:\/\/doublebspeakers.com\/fr\/contactez-nous\/","name":"Contactez-nous - Double B Speakers","isPartOf":{"@id":"https:\/\/doublebspeakers.com\/fr\/#website"},"primaryImageOfPage":{"@id":"https:\/\/doublebspeakers.com\/fr\/contactez-nous\/#primaryimage"},"image":{"@id":"https:\/\/doublebspeakers.com\/fr\/contactez-nous\/#primaryimage"},"thumbnailUrl":"https:\/\/doublebspeakers.com\/wp-content\/uploads\/2024\/05\/illustration.png","datePublished":"2024-05-02T21:06:10+00:00","dateModified":"2024-07-08T19:28:26+00:00","breadcrumb":{"@id":"https:\/\/doublebspeakers.com\/fr\/contactez-nous\/#breadcrumb"},"inLanguage":"fr-FR","potentialAction":[{"@type":"ReadAction","target":["https:\/\/doublebspeakers.com\/fr\/contactez-nous\/"]}]},{"@type":"ImageObject","inLanguage":"fr-FR","@id":"https:\/\/doublebspeakers.com\/fr\/contactez-nous\/#primaryimage","url":"https:\/\/doublebspeakers.com\/wp-content\/uploads\/2024\/05\/illustration.png","contentUrl":"https:\/\/doublebspeakers.com\/wp-content\/uploads\/2024\/05\/illustration.png"},{"@type":"BreadcrumbList","@id":"https:\/\/doublebspeakers.com\/fr\/contactez-nous\/#breadcrumb","itemListElement":[{"@type":"ListItem","position":1,"name":"Home","item":"https:\/\/doublebspeakers.com\/fr\/accueil\/"},{"@type":"ListItem","position":2,"name":"Contactez-nous"}]},{"@type":"WebSite","@id":"https:\/\/doublebspeakers.com\/fr\/#website","url":"https:\/\/doublebspeakers.com\/fr\/","name":"Double B Speakers","description":"Audiovisual Rental","publisher":{"@id":"https:\/\/doublebspeakers.com\/fr\/#organization"},"potentialAction":[{"@type":"SearchAction","target":{"@type":"EntryPoint","urlTemplate":"https:\/\/doublebspeakers.com\/fr\/?s={search_term_string}"},"query-input":"required name=search_term_string"}],"inLanguage":"fr-FR"},{"@type":"Organization","@id":"https:\/\/doublebspeakers.com\/fr\/#organization","name":"Double B Speakers","url":"https:\/\/doublebspeakers.com\/fr\/","logo":{"@type":"ImageObject","inLanguage":"fr-FR","@id":"https:\/\/doublebspeakers.com\/fr\/#\/schema\/logo\/image\/","url":"https:\/\/doublebspeakers.com\/wp-content\/uploads\/2024\/04\/cropped-cropped-Main-Logo.png","contentUrl":"https:\/\/doublebspeakers.com\/wp-content\/uploads\/2024\/04\/cropped-cropped-Main-Logo.png","width":1080,"height":1080,"caption":"Double B Speakers"},"image":{"@id":"https:\/\/doublebspeakers.com\/fr\/#\/schema\/logo\/image\/"}}]}},"jetpack_sharing_enabled":true,"_links":{"self":[{"href":"https:\/\/doublebspeakers.com\/fr\/wp-json\/wp\/v2\/pages\/2945"}],"collection":[{"href":"https:\/\/doublebspeakers.com\/fr\/wp-json\/wp\/v2\/pages"}],"about":[{"href":"https:\/\/doublebspeakers.com\/fr\/wp-json\/wp\/v2\/types\/page"}],"author":[{"embeddable":true,"href":"https:\/\/doublebspeakers.com\/fr\/wp-json\/wp\/v2\/users\/1"}],"replies":[{"embeddable":true,"href":"https:\/\/doublebspeakers.com\/fr\/wp-json\/wp\/v2\/comments?post=2945"}],"version-history":[{"count":56,"href":"https:\/\/doublebspeakers.com\/fr\/wp-json\/wp\/v2\/pages\/2945\/revisions"}],"predecessor-version":[{"id":3568,"href":"https:\/\/doublebspeakers.com\/fr\/wp-json\/wp\/v2\/pages\/2945\/revisions\/3568"}],"wp:attachment":[{"href":"https:\/\/doublebspeakers.com\/fr\/wp-json\/wp\/v2\/media?parent=2945"}],"curies":[{"name":"wp","href":"https:\/\/api.w.org\/{rel}","templated":true}]}}