{"id":2968,"date":"2024-06-12T00:17:35","date_gmt":"2024-06-12T00:17:35","guid":{"rendered":"https:\/\/doublebspeakers.com\/forfait-de-son-pour-fete-privee\/"},"modified":"2024-07-03T18:29:45","modified_gmt":"2024-07-03T18:29:45","slug":"forfait-de-son-pour-fete-privee","status":"publish","type":"page","link":"https:\/\/doublebspeakers.com\/fr\/forfait-de-son-pour-fete-privee\/","title":{"rendered":"Forfait de son pour f\u00eate priv\u00e9e"},"content":{"rendered":"\t\t<div data-elementor-type=\"wp-page\" data-elementor-id=\"2968\" class=\"elementor elementor-2968 elementor-2192\">\n\t\t\t\t\t\t<section class=\"elementor-section elementor-top-section elementor-element elementor-element-7730aa45 elementor-section-boxed elementor-section-height-default elementor-section-height-default\" data-id=\"7730aa45\" data-element_type=\"section\" id=\"info_section\" data-settings=\"{&quot;background_background&quot;:&quot;classic&quot;}\">\n\t\t\t\t\t\t<div class=\"elementor-container elementor-column-gap-no\">\n\t\t\t\t\t<div class=\"elementor-column elementor-col-50 elementor-top-column elementor-element elementor-element-1aa4a3fb\" data-id=\"1aa4a3fb\" data-element_type=\"column\">\n\t\t\t<div class=\"elementor-widget-wrap elementor-element-populated\">\n\t\t\t\t\t\t<div class=\"elementor-element elementor-element-79cf9ab9 elementor-invisible elementor-widget elementor-widget-heading\" data-id=\"79cf9ab9\" data-element_type=\"widget\" data-settings=\"{&quot;_animation&quot;:&quot;fadeInDown&quot;}\" data-widget_type=\"heading.default\">\n\t\t\t\t<div class=\"elementor-widget-container\">\n\t\t\t\t\t<h2 class=\"elementor-heading-title elementor-size-default\">Forfait de son pour f\u00eate priv\u00e9e <\/h2>\t\t\t\t<\/div>\n\t\t\t\t<\/div>\n\t\t\t\t<div class=\"elementor-element elementor-element-95351a9 elementor-invisible elementor-widget elementor-widget-heading\" data-id=\"95351a9\" data-element_type=\"widget\" data-settings=\"{&quot;_animation&quot;:&quot;fadeIn&quot;}\" data-widget_type=\"heading.default\">\n\t\t\t\t<div class=\"elementor-widget-container\">\n\t\t\t\t\t<h2 class=\"elementor-heading-title elementor-size-default\">Apprenez-en plus sur notre forfait de location court terme de syst\u00e8me de son pour f\u00eate priv\u00e9e<\/h2>\t\t\t\t<\/div>\n\t\t\t\t<\/div>\n\t\t\t\t<div class=\"elementor-element elementor-element-3c232324 elementor-invisible elementor-widget elementor-widget-text-editor\" data-id=\"3c232324\" data-element_type=\"widget\" data-settings=\"{&quot;_animation&quot;:&quot;fadeInLeft&quot;}\" data-widget_type=\"text-editor.default\">\n\t\t\t\t<div class=\"elementor-widget-container\">\n\t\t\t\t\t\t\t\t\t<p>Vous avez une f\u00eate de pr\u00e9vue et voulez une exp\u00e9rience sonore et visuelle comme une soir\u00e9e au club? Notre forfait sonore de f\u00eate priv\u00e9e fera vibrer vos oreilles d&rsquo;excitation! <\/p>\n<p>Notre forfait inclut: <\/p>\n<p>\u00b7 Un microphone sans fil<\/p>\n<p>\u00b7 Syst\u00e8me de son amplifi\u00e9 <\/p>\n<p>\u00b7 \u00c9clairage professionnel<\/p>\n<p>\u00b7Un DJ sur place<\/p>\n<p>\u00b7 C\u00e2blage requis <\/p>\n<p>\u00b7 Livraison et installation <\/p>\n\t\t\t\t\t\t\t\t<\/div>\n\t\t\t\t<\/div>\n\t\t\t\t<div class=\"elementor-element elementor-element-b023451 elementor-invisible elementor-widget elementor-widget-text-editor\" data-id=\"b023451\" data-element_type=\"widget\" data-settings=\"{&quot;_animation&quot;:&quot;fadeInDown&quot;}\" data-widget_type=\"text-editor.default\">\n\t\t\t\t<div class=\"elementor-widget-container\">\n\t\t\t\t\t\t\t\t\t<p>Prix d\u00e9butant \u00e0 $650 par jour&nbsp;<\/p>\n\t\t\t\t\t\t\t\t<\/div>\n\t\t\t\t<\/div>\n\t\t\t\t<div class=\"elementor-element elementor-element-cda07b9 elementor-invisible elementor-widget elementor-widget-button\" data-id=\"cda07b9\" data-element_type=\"widget\" data-settings=\"{&quot;_animation&quot;:&quot;fadeInLeft&quot;}\" data-widget_type=\"button.default\">\n\t\t\t\t<div class=\"elementor-widget-container\">\n\t\t\t\t\t\t\t\t\t<div class=\"elementor-button-wrapper\">\n\t\t\t\t\t<a class=\"elementor-button elementor-button-link elementor-size-sm elementor-animation-grow\" href=\"https:\/\/doublebspeakers.com\/fr\/contactez-nous\/\">\n\t\t\t\t\t\t<span class=\"elementor-button-content-wrapper\">\n\t\t\t\t\t\t\t\t\t<span class=\"elementor-button-text\">R\u00e9servez maintenant!<\/span>\n\t\t\t\t\t<\/span>\n\t\t\t\t\t<\/a>\n\t\t\t\t<\/div>\n\t\t\t\t\t\t\t\t<\/div>\n\t\t\t\t<\/div>\n\t\t\t\t\t<\/div>\n\t\t<\/div>\n\t\t\t\t<div class=\"elementor-column elementor-col-50 elementor-top-column elementor-element elementor-element-33bee289\" data-id=\"33bee289\" data-element_type=\"column\">\n\t\t\t<div class=\"elementor-widget-wrap elementor-element-populated\">\n\t\t\t\t\t\t<div class=\"elementor-element elementor-element-5bb13e6a elementor-widget-tablet__width-initial elementor-widget-mobile__width-initial elementor-invisible elementor-widget elementor-widget-image\" data-id=\"5bb13e6a\" data-element_type=\"widget\" data-settings=\"{&quot;_animation&quot;:&quot;fadeInRight&quot;}\" data-widget_type=\"image.default\">\n\t\t\t\t<div class=\"elementor-widget-container\">\n\t\t\t\t\t\t\t\t\t\t\t\t\t\t\t<img fetchpriority=\"high\" decoding=\"async\" width=\"1080\" height=\"1080\" src=\"https:\/\/doublebspeakers.com\/wp-content\/uploads\/2024\/05\/Main-Logo.png\" class=\"attachment-full size-full wp-image-2693\" alt=\"\" srcset=\"https:\/\/doublebspeakers.com\/wp-content\/uploads\/2024\/05\/Main-Logo.png 1080w, https:\/\/doublebspeakers.com\/wp-content\/uploads\/2024\/05\/Main-Logo-300x300.png 300w, https:\/\/doublebspeakers.com\/wp-content\/uploads\/2024\/05\/Main-Logo-100x100.png 100w, https:\/\/doublebspeakers.com\/wp-content\/uploads\/2024\/05\/Main-Logo-600x600.png 600w, https:\/\/doublebspeakers.com\/wp-content\/uploads\/2024\/05\/Main-Logo-1024x1024.png 1024w, https:\/\/doublebspeakers.com\/wp-content\/uploads\/2024\/05\/Main-Logo-150x150.png 150w, https:\/\/doublebspeakers.com\/wp-content\/uploads\/2024\/05\/Main-Logo-768x768.png 768w\" sizes=\"(max-width: 1080px) 100vw, 1080px\" \/>\t\t\t\t\t\t\t\t\t\t\t\t\t\t\t<\/div>\n\t\t\t\t<\/div>\n\t\t\t\t\t<\/div>\n\t\t<\/div>\n\t\t\t\t\t<\/div>\n\t\t<\/section>\n\t\t\t\t<\/div>\n\t\t","protected":false},"excerpt":{"rendered":"<p>Forfait de son pour f\u00eate priv\u00e9e Apprenez-en plus sur notre forfait de location court terme de syst\u00e8me de son pour f\u00eate priv\u00e9e Vous avez une f\u00eate de pr\u00e9vue et voulez une exp\u00e9rience sonore et visuelle comme une soir\u00e9e au club? Notre forfait sonore de f\u00eate priv\u00e9e fera vibrer vos oreilles d&rsquo;excitation! Notre forfait inclut: \u00b7 [&hellip;]<\/p>\n","protected":false},"author":1,"featured_media":0,"parent":0,"menu_order":0,"comment_status":"closed","ping_status":"closed","template":"elementor_header_footer","meta":{"_eb_attr":"","footnotes":""},"yoast_head":"<!-- This site is optimized with the Yoast SEO plugin v23.3 - https:\/\/yoast.com\/wordpress\/plugins\/seo\/ -->\n<title>Forfait de son pour f\u00eate priv\u00e9e - Double B Speakers<\/title>\n<meta name=\"robots\" content=\"index, follow, max-snippet:-1, max-image-preview:large, max-video-preview:-1\" \/>\n<link rel=\"canonical\" href=\"https:\/\/doublebspeakers.com\/fr\/forfait-de-son-pour-fete-privee\/\" \/>\n<meta property=\"og:locale\" content=\"fr_FR\" \/>\n<meta property=\"og:type\" content=\"article\" \/>\n<meta property=\"og:title\" content=\"Forfait de son pour f\u00eate priv\u00e9e - Double B Speakers\" \/>\n<meta property=\"og:description\" content=\"Forfait de son pour f\u00eate priv\u00e9e Apprenez-en plus sur notre forfait de location court terme de syst\u00e8me de son pour f\u00eate priv\u00e9e Vous avez une f\u00eate de pr\u00e9vue et voulez une exp\u00e9rience sonore et visuelle comme une soir\u00e9e au club? Notre forfait sonore de f\u00eate priv\u00e9e fera vibrer vos oreilles d&rsquo;excitation! Notre forfait inclut: \u00b7 [&hellip;]\" \/>\n<meta property=\"og:url\" content=\"https:\/\/doublebspeakers.com\/fr\/forfait-de-son-pour-fete-privee\/\" \/>\n<meta property=\"og:site_name\" content=\"Double B Speakers\" \/>\n<meta property=\"article:modified_time\" content=\"2024-07-03T18:29:45+00:00\" \/>\n<meta property=\"og:image\" content=\"https:\/\/doublebspeakers.com\/wp-content\/uploads\/2024\/05\/Main-Logo.png\" \/>\n<meta name=\"twitter:card\" content=\"summary_large_image\" \/>\n<meta name=\"twitter:label1\" content=\"Dur\u00e9e de lecture estim\u00e9e\" \/>\n\t<meta name=\"twitter:data1\" content=\"1 minute\" \/>\n<script type=\"application\/ld+json\" class=\"yoast-schema-graph\">{\"@context\":\"https:\/\/schema.org\",\"@graph\":[{\"@type\":\"WebPage\",\"@id\":\"https:\/\/doublebspeakers.com\/fr\/forfait-de-son-pour-fete-privee\/\",\"url\":\"https:\/\/doublebspeakers.com\/fr\/forfait-de-son-pour-fete-privee\/\",\"name\":\"Forfait de son pour f\u00eate priv\u00e9e - Double B Speakers\",\"isPartOf\":{\"@id\":\"https:\/\/doublebspeakers.com\/fr\/#website\"},\"primaryImageOfPage\":{\"@id\":\"https:\/\/doublebspeakers.com\/fr\/forfait-de-son-pour-fete-privee\/#primaryimage\"},\"image\":{\"@id\":\"https:\/\/doublebspeakers.com\/fr\/forfait-de-son-pour-fete-privee\/#primaryimage\"},\"thumbnailUrl\":\"https:\/\/doublebspeakers.com\/wp-content\/uploads\/2024\/05\/Main-Logo.png\",\"datePublished\":\"2024-06-12T00:17:35+00:00\",\"dateModified\":\"2024-07-03T18:29:45+00:00\",\"breadcrumb\":{\"@id\":\"https:\/\/doublebspeakers.com\/fr\/forfait-de-son-pour-fete-privee\/#breadcrumb\"},\"inLanguage\":\"fr-FR\",\"potentialAction\":[{\"@type\":\"ReadAction\",\"target\":[\"https:\/\/doublebspeakers.com\/fr\/forfait-de-son-pour-fete-privee\/\"]}]},{\"@type\":\"ImageObject\",\"inLanguage\":\"fr-FR\",\"@id\":\"https:\/\/doublebspeakers.com\/fr\/forfait-de-son-pour-fete-privee\/#primaryimage\",\"url\":\"https:\/\/doublebspeakers.com\/wp-content\/uploads\/2024\/05\/Main-Logo.png\",\"contentUrl\":\"https:\/\/doublebspeakers.com\/wp-content\/uploads\/2024\/05\/Main-Logo.png\"},{\"@type\":\"BreadcrumbList\",\"@id\":\"https:\/\/doublebspeakers.com\/fr\/forfait-de-son-pour-fete-privee\/#breadcrumb\",\"itemListElement\":[{\"@type\":\"ListItem\",\"position\":1,\"name\":\"Home\",\"item\":\"https:\/\/doublebspeakers.com\/fr\/accueil\/\"},{\"@type\":\"ListItem\",\"position\":2,\"name\":\"Forfait de son pour f\u00eate priv\u00e9e\"}]},{\"@type\":\"WebSite\",\"@id\":\"https:\/\/doublebspeakers.com\/fr\/#website\",\"url\":\"https:\/\/doublebspeakers.com\/fr\/\",\"name\":\"Double B Speakers\",\"description\":\"Audiovisual Rental\",\"publisher\":{\"@id\":\"https:\/\/doublebspeakers.com\/fr\/#organization\"},\"potentialAction\":[{\"@type\":\"SearchAction\",\"target\":{\"@type\":\"EntryPoint\",\"urlTemplate\":\"https:\/\/doublebspeakers.com\/fr\/?s={search_term_string}\"},\"query-input\":\"required name=search_term_string\"}],\"inLanguage\":\"fr-FR\"},{\"@type\":\"Organization\",\"@id\":\"https:\/\/doublebspeakers.com\/fr\/#organization\",\"name\":\"Double B Speakers\",\"url\":\"https:\/\/doublebspeakers.com\/fr\/\",\"logo\":{\"@type\":\"ImageObject\",\"inLanguage\":\"fr-FR\",\"@id\":\"https:\/\/doublebspeakers.com\/fr\/#\/schema\/logo\/image\/\",\"url\":\"https:\/\/doublebspeakers.com\/wp-content\/uploads\/2024\/04\/cropped-cropped-Main-Logo.png\",\"contentUrl\":\"https:\/\/doublebspeakers.com\/wp-content\/uploads\/2024\/04\/cropped-cropped-Main-Logo.png\",\"width\":1080,\"height\":1080,\"caption\":\"Double B Speakers\"},\"image\":{\"@id\":\"https:\/\/doublebspeakers.com\/fr\/#\/schema\/logo\/image\/\"}}]}<\/script>\n<!-- \/ Yoast SEO plugin. -->","yoast_head_json":{"title":"Forfait de son pour f\u00eate priv\u00e9e - Double B Speakers","robots":{"index":"index","follow":"follow","max-snippet":"max-snippet:-1","max-image-preview":"max-image-preview:large","max-video-preview":"max-video-preview:-1"},"canonical":"https:\/\/doublebspeakers.com\/fr\/forfait-de-son-pour-fete-privee\/","og_locale":"fr_FR","og_type":"article","og_title":"Forfait de son pour f\u00eate priv\u00e9e - Double B Speakers","og_description":"Forfait de son pour f\u00eate priv\u00e9e Apprenez-en plus sur notre forfait de location court terme de syst\u00e8me de son pour f\u00eate priv\u00e9e Vous avez une f\u00eate de pr\u00e9vue et voulez une exp\u00e9rience sonore et visuelle comme une soir\u00e9e au club? Notre forfait sonore de f\u00eate priv\u00e9e fera vibrer vos oreilles d&rsquo;excitation! Notre forfait inclut: \u00b7 [&hellip;]","og_url":"https:\/\/doublebspeakers.com\/fr\/forfait-de-son-pour-fete-privee\/","og_site_name":"Double B Speakers","article_modified_time":"2024-07-03T18:29:45+00:00","og_image":[{"url":"https:\/\/doublebspeakers.com\/wp-content\/uploads\/2024\/05\/Main-Logo.png"}],"twitter_card":"summary_large_image","twitter_misc":{"Dur\u00e9e de lecture estim\u00e9e":"1 minute"},"schema":{"@context":"https:\/\/schema.org","@graph":[{"@type":"WebPage","@id":"https:\/\/doublebspeakers.com\/fr\/forfait-de-son-pour-fete-privee\/","url":"https:\/\/doublebspeakers.com\/fr\/forfait-de-son-pour-fete-privee\/","name":"Forfait de son pour f\u00eate priv\u00e9e - Double B Speakers","isPartOf":{"@id":"https:\/\/doublebspeakers.com\/fr\/#website"},"primaryImageOfPage":{"@id":"https:\/\/doublebspeakers.com\/fr\/forfait-de-son-pour-fete-privee\/#primaryimage"},"image":{"@id":"https:\/\/doublebspeakers.com\/fr\/forfait-de-son-pour-fete-privee\/#primaryimage"},"thumbnailUrl":"https:\/\/doublebspeakers.com\/wp-content\/uploads\/2024\/05\/Main-Logo.png","datePublished":"2024-06-12T00:17:35+00:00","dateModified":"2024-07-03T18:29:45+00:00","breadcrumb":{"@id":"https:\/\/doublebspeakers.com\/fr\/forfait-de-son-pour-fete-privee\/#breadcrumb"},"inLanguage":"fr-FR","potentialAction":[{"@type":"ReadAction","target":["https:\/\/doublebspeakers.com\/fr\/forfait-de-son-pour-fete-privee\/"]}]},{"@type":"ImageObject","inLanguage":"fr-FR","@id":"https:\/\/doublebspeakers.com\/fr\/forfait-de-son-pour-fete-privee\/#primaryimage","url":"https:\/\/doublebspeakers.com\/wp-content\/uploads\/2024\/05\/Main-Logo.png","contentUrl":"https:\/\/doublebspeakers.com\/wp-content\/uploads\/2024\/05\/Main-Logo.png"},{"@type":"BreadcrumbList","@id":"https:\/\/doublebspeakers.com\/fr\/forfait-de-son-pour-fete-privee\/#breadcrumb","itemListElement":[{"@type":"ListItem","position":1,"name":"Home","item":"https:\/\/doublebspeakers.com\/fr\/accueil\/"},{"@type":"ListItem","position":2,"name":"Forfait de son pour f\u00eate priv\u00e9e"}]},{"@type":"WebSite","@id":"https:\/\/doublebspeakers.com\/fr\/#website","url":"https:\/\/doublebspeakers.com\/fr\/","name":"Double B Speakers","description":"Audiovisual Rental","publisher":{"@id":"https:\/\/doublebspeakers.com\/fr\/#organization"},"potentialAction":[{"@type":"SearchAction","target":{"@type":"EntryPoint","urlTemplate":"https:\/\/doublebspeakers.com\/fr\/?s={search_term_string}"},"query-input":"required name=search_term_string"}],"inLanguage":"fr-FR"},{"@type":"Organization","@id":"https:\/\/doublebspeakers.com\/fr\/#organization","name":"Double B Speakers","url":"https:\/\/doublebspeakers.com\/fr\/","logo":{"@type":"ImageObject","inLanguage":"fr-FR","@id":"https:\/\/doublebspeakers.com\/fr\/#\/schema\/logo\/image\/","url":"https:\/\/doublebspeakers.com\/wp-content\/uploads\/2024\/04\/cropped-cropped-Main-Logo.png","contentUrl":"https:\/\/doublebspeakers.com\/wp-content\/uploads\/2024\/04\/cropped-cropped-Main-Logo.png","width":1080,"height":1080,"caption":"Double B Speakers"},"image":{"@id":"https:\/\/doublebspeakers.com\/fr\/#\/schema\/logo\/image\/"}}]}},"jetpack_sharing_enabled":true,"_links":{"self":[{"href":"https:\/\/doublebspeakers.com\/fr\/wp-json\/wp\/v2\/pages\/2968"}],"collection":[{"href":"https:\/\/doublebspeakers.com\/fr\/wp-json\/wp\/v2\/pages"}],"about":[{"href":"https:\/\/doublebspeakers.com\/fr\/wp-json\/wp\/v2\/types\/page"}],"author":[{"embeddable":true,"href":"https:\/\/doublebspeakers.com\/fr\/wp-json\/wp\/v2\/users\/1"}],"replies":[{"embeddable":true,"href":"https:\/\/doublebspeakers.com\/fr\/wp-json\/wp\/v2\/comments?post=2968"}],"version-history":[{"count":8,"href":"https:\/\/doublebspeakers.com\/fr\/wp-json\/wp\/v2\/pages\/2968\/revisions"}],"predecessor-version":[{"id":3451,"href":"https:\/\/doublebspeakers.com\/fr\/wp-json\/wp\/v2\/pages\/2968\/revisions\/3451"}],"wp:attachment":[{"href":"https:\/\/doublebspeakers.com\/fr\/wp-json\/wp\/v2\/media?parent=2968"}],"curies":[{"name":"wp","href":"https:\/\/api.w.org\/{rel}","templated":true}]}}